{"id":941,"date":"2024-07-04T06:25:14","date_gmt":"2024-07-04T06:25:14","guid":{"rendered":"https:\/\/dhrs.burosmaakmakers.nl\/?page_id=941"},"modified":"2024-07-04T06:25:15","modified_gmt":"2024-07-04T06:25:15","slug":"unterkunfte","status":"publish","type":"page","link":"https:\/\/dhrs.burosmaakmakers.nl\/de\/unterkunfte\/","title":{"rendered":"Unterk\u00fcnfte"},"content":{"rendered":"\n<div data-block-id=\"hero\" class=\"relative\">\n\t\t\t<div class=\"w-full  relative md:overflow-hidden h-[300px] md:h-[700px]  bg-brown\">\t\n\t\t\t\t\t\t\t\t\t<img loading=\"lazy\" decoding=\"async\" width=\"2560\" height=\"1243\" src=\"https:\/\/dhrs.burosmaakmakers.nl\/wp-content\/uploads\/2024\/06\/DomburgHolidayResortStables_selectie-1-scaled-aspect-ratio-1440-700-scaled.jpg\" class=\"inset-0 -z-10 h-full w-full object-center object-cover\" alt=\"\" srcset=\"https:\/\/dhrs.burosmaakmakers.nl\/wp-content\/uploads\/2024\/06\/DomburgHolidayResortStables_selectie-1-scaled-aspect-ratio-1440-700-scaled.jpg 2560w, https:\/\/dhrs.burosmaakmakers.nl\/wp-content\/uploads\/2024\/06\/DomburgHolidayResortStables_selectie-1-scaled-aspect-ratio-1440-700-300x146.jpg 300w, https:\/\/dhrs.burosmaakmakers.nl\/wp-content\/uploads\/2024\/06\/DomburgHolidayResortStables_selectie-1-scaled-aspect-ratio-1440-700-1024x497.jpg 1024w, https:\/\/dhrs.burosmaakmakers.nl\/wp-content\/uploads\/2024\/06\/DomburgHolidayResortStables_selectie-1-scaled-aspect-ratio-1440-700-768x373.jpg 768w, https:\/\/dhrs.burosmaakmakers.nl\/wp-content\/uploads\/2024\/06\/DomburgHolidayResortStables_selectie-1-scaled-aspect-ratio-1440-700-1536x746.jpg 1536w, https:\/\/dhrs.burosmaakmakers.nl\/wp-content\/uploads\/2024\/06\/DomburgHolidayResortStables_selectie-1-scaled-aspect-ratio-1440-700-2048x995.jpg 2048w\" sizes=\"auto, (max-width: 2560px) 100vw, 2560px\" \/>\n\t\n\t\t\t\t<div class=\"absolute w-full h-full top-0 left-0 bg-black bg-opacity-10\"><\/div>\n\t\t\n\t\t<div class=\"absolute w-full h-full items-center lg:pb-52 top-0 flex justify-center\">\n\t\t\t<div class=\"container\">\n\t\t\t\t<div class=\"lg:w-7\/12 flex flex-col space-y-4 items-start\">\n\t\t\t\t\t\t\t\t\t\t\t\t\t\t<h1 class=\"text-[32px] leading-[40px] text-white font-titles lg:text-3xl text-darkblue font-bold lg:max-w-[16ch]\">\n\t\t\tStilvolle Unterk\u00fcnfte, die Ruhe garantieren\n\t\t<\/h1>\n\t\n\t\t\t\t\t\t\t\t\t\t<div class=\"text-white text-[21px] leading-[26px] tracking-tight lg:text-xl font-titles font-bold !mb-6\"><\/div>\t\t\t\t\t\n\t\t\t\t\t\t\t\n\t\t\n\t\t\n\t\t\t\t<\/div>\n\t\t\t<\/div>\n\t\t<\/div>\n\t\t<div class=\"w-full top-[101%] h-[53px] md:h-[200px] bg-repeat-x bg-cover md:bg-contain absolute md:top-full -translate-y-full z-0 \" style=\"background-position: bottom center; background-image: url( https:\/\/dhrs.burosmaakmakers.nl\/wp-content\/themes\/dhr\/build\/images\/shapes\/header_bottom.svg)\"><\/div>\n\t<\/div>\t\n\t\n<\/div>\n\n<div data-block-id=\"intro_intro\" class=\"relative my-16 mb-24 md:my-16 \" >\n\t<div class=\"container\">\n\t\t<div class=\"grid grid-cols-12 md:gap-16\">\n\t\t\t\n\t\t\t\t\t\t<div class=\"col-span-12 text-center\">\n\t\t\t\t\t\t\t\t\t<div class=\"prose px-4 md:px-0 max-w-4xl prose-p:text-[15px] prose-p:md:text-[20px] prose-p:md:eading-[32px] font-titles mx-auto\"><p>Jeder hat seine eigenen W\u00fcnsche und Vorlieben. Deshalb haben wir verschiedene Unterk\u00fcnfte in unserem Angebot. W\u00e4hlen Sie die Unterkunft, die Ihren W\u00fcnschen und Bed\u00fcrfnissen am besten entspricht, und gestalten Sie Ihren Urlaub in Domburg ganz nach Ihren W\u00fcnschen. Denn nur eines steht im Vordergrund: Alle Unterk\u00fcnfte sind stilvoll eingerichtet, sodass Sie eine l\u00e4ndliche Umgebung genie\u00dfen k\u00f6nnen, die f\u00fcr Ruhe und Weite steht.<\/p>\n<\/div>\n\t\t\t\t\t\t\t\t\t\t\t\t\t<div class=\"mt-6\">\n\t\t\t\t\t\t\t\t\n\t\t\n\t\t\t\t\t\t\t\t\n\t\t\t\t\t<\/div>\n\t\t\t\t\t\t\t<\/div>\n\t\t\t\t\t<\/div>\n\t<\/div>\n<\/div>\n\n\n\n<div data-block-id=\"accomodaties\" class=\"relative my-12\">\n\n\t\t<div class=\"container relatve z-20\">\n\t\t\t<div class=\"bg-brown lg:w-9\/12 xl:w-2\/3 lg:-mt-12 mx-auto rounded-lg pt-6 pb-10 px-4 md:p-10\">\n\t\t\t\t<h2 class=\"text-white text-lg font-titles font-bold mb-6\">Suchen und buchen Sie Ihren Urlaub<\/h2>\n\t\t\t\t<bookzo-search config='{\"search\":{\"showInputIcons\":true}}'><\/bookzo-search>\n\t\t\t<\/div>\t\n\t\t<\/div>\n\n\t\t<div class=\"container my-8\">\n\t\t\t<bookzo-results><\/bookzo-results>\n\t\t<\/div>\n<\/div>\n\n\t\t\t\t<div data-block-id=\"image-text\" class=\"relative z-20 bg-selecteer bg-brown-wave bg-brown z-50 pb-12 mb-52 mt-32 lg:pb-12 lg:mt-64 lg:mb-52\">\n\t\t\t\t\t\t\t\t\t\t\t\t\t\t\t<div class=\"w-full min-h-20 lg:min-h-52 bg-repeat-x bg-contain absolute top-0 -translate-y-full z-0 \" style=\"background-position: bottom center; background-image: url( https:\/\/dhrs.burosmaakmakers.nl\/wp-content\/themes\/dhr\/build\/images\/shapes\/pinkbrown_top.svg)\"><\/div>\n\t\t\t\t<div class=\"container relative z-10\">\n\t\t\t\t\t\t\t\t\t\t<div class=\"grid grid-cols-12 md:grid-flow-col py-12 md:py-0 text-center md:text-left  relative z-50\">\n\t\t<div class=\"col-span-12 md:col-span-5 md:col-start-2 flex flex-col justify-between z-[1]\">\t\t\n\t\t\t\t\t\t\t<div class=\"\">\n\t\t\t\t\t\t\t\t\t\t\t\t<h2 class=\"text-white text-xl relative z-10\">\n\t\t\tTipp: Mieten Sie ein Fahrrad\n\t\t<\/h2>\n\t\n\t\t\t\t\t\t\t\n\t\t\t\t\t\t\t\t\t<div class=\"prose mt-10 mb-12 text-white\"><p>Entdecken Sie Domburg und seine Umgebung auf entspannte Weise mit dem Fahrrad oder E-Bike mit unserem All-inclusive-Mietkonzept. Steigen Sie auf und erkunden Sie die K\u00fcstenrouten durch sch\u00f6ne D\u00fcnengebiete, radeln Sie \u00fcber ruhige Landstra\u00dfen und besuchen Sie die charmanten charakteristischen D\u00f6rfer von Walcheren. Kontaktieren Sie uns f\u00fcr die M\u00f6glichkeiten.<\/p>\n<\/div>\n\t\t\t\t\t\t\t<\/div>\n\n\t\t\t\t\t\t\t<div class=\"-mb-6 md:mb-0\">\n\t\t\t\t\t\t\t\n\t\t\n\t\t\t\t<a href=\"https:\/\/dhrs.burosmaakmakers.nl\/de\/kontakt\/\"  class=\"inline-flex group whitespace-nowrap items-center gap-2 rounded-full px-5 py-3 text-[14px] font-bold duration-300 transition-all origin-center focus-visible:outline focus-visible:outline-2 focus-visible:outline-offset-2 bg-white text-pink bg-gray-500 no-underline  focus-visible:outline-gray-600 custom-shadow hover:bg-pink hover:text-white\" >\n\t\t\tKontaktieren Sie uns\n\t\t\t<svg width=\"16\" height=\"11\" viewBox=\"0 0 16 11\" fill=\"none\" xmlns=\"http:\/\/www.w3.org\/2000\/svg\">\n\t\t\t\t<path d=\"M15.6875 6.67871L11.6875 10.6787C11.3125 11.085 10.6562 11.085 10.2812 10.6787C9.875 10.3037 9.875 9.64746 10.2812 9.27246L12.5625 6.95996H1C0.4375 6.95996 0 6.52246 0 5.95996C0 5.42871 0.4375 4.95996 1 4.95996H12.5625L10.2812 2.67871C9.875 2.30371 9.875 1.64746 10.2812 1.27246C10.6562 0.866211 11.3125 0.866211 11.6875 1.27246L15.6875 5.27246C16.0938 5.64746 16.0938 6.30371 15.6875 6.67871Z\" fill=\"currentColor\"\/>\n\t\t\t<\/svg>\n\t\t<\/a>\n\t\n\t\t\t\t<\/div>\n\t\t\t\t\t<\/div>\n\t\t<div class=\"col-span-12 md:col-span-4  md:col-start-8\">\n\t\t\t<div class=\"relative aspect-square md:aspect-[380\/450] -mb-52 lg:-my-24 rounded-3xl overflow-hidden drop-shadow-2xl\">\n\t\t\t\t\t\t\t<img loading=\"lazy\" decoding=\"async\" width=\"480\" height=\"640\" src=\"https:\/\/dhrs.burosmaakmakers.nl\/wp-content\/uploads\/2024\/05\/Fietsverhuur-04.jpeg\" class=\"object-cover w-full h-full\" alt=\"\" srcset=\"https:\/\/dhrs.burosmaakmakers.nl\/wp-content\/uploads\/2024\/05\/Fietsverhuur-04.jpeg 480w, https:\/\/dhrs.burosmaakmakers.nl\/wp-content\/uploads\/2024\/05\/Fietsverhuur-04-225x300.jpeg 225w\" sizes=\"auto, (max-width: 480px) 100vw, 480px\" \/>\n\t\n\t\t\t<\/div>\n\t\t<\/div>\n\t<\/div>\n\t\t\t\t\n\t\t\t\t\t<\/div>\n\t\t\t\t\t\t\t\t<div class=\"w-full min-h-20 lg:min-h-52  -mt-2 bg-repeat-x bg-contain absolute top-full  z-0 \" style=\"background-position: top center; background-image: url( https:\/\/dhrs.burosmaakmakers.nl\/wp-content\/themes\/dhr\/build\/images\/shapes\/pinkbrown_bottom.svg)\"><\/div>\n\t<\/div>\n\n\n\t\t\t\t<div data-block-id=\"image-text\" class=\"relative z-20 bg-selecteer my-16 lg:my-24 py-8 pb-20 lg:py-12\">\n\t\t\t\t\t\t\t\t\t\t\t\t\t\t<div class=\"container relative z-10\">\n\t\t\t\t\t\t\t<div class=\"grid grid-cols-12 md:grid-flow-col\">\n\t<div class=\"col-span-12 md:col-span-7  flex flex-col relative  z-0\">\t\t\n\t\t\t\t\t\t\t\t\t\t<h2 class=\"text-xl md:text-2xl text-gray relative z-10 max-w-[16ch] pr-4\">\n\t\t\tPraktische Informationen \u00fcber Ihren Aufenthalt\n\t\t<\/h2>\n\t\n\t\t\t\t<div class=\" bg-tan  bg-[#f5f3ec]  rounded-3xl rounded-b-none md:rounded-3xl md:block md:rounded-r-none rounded-r-none absolute top-[85px] h-48 -right-4 md:right-0 w-11\/12 md:w-10\/12  z-[0]\">\n\t\t<\/div>\n\t\t<div class=\" bg-tan  bg-[#f5f3ec]  rounded-3xl rounded-b-none md:rounded-3xl rounded-r-none md:rounded-r-none pt-8 md:pt-16 px-10 -mt-6 w-11\/12 md:w-10\/12 ml-auto -mr-4 md:mr-0 md:pb-14 z-[1]\">\n\t\t\t<img decoding=\"async\" class=\"my-6 mx-auto text-pink\" src=\"https:\/\/dhrs.burosmaakmakers.nl\/wp-content\/themes\/dhr\/build\/images\/tilde.svg\" alt=\"Decorative tilde\"\/>\n\n\t\t\t\t\t\t\t<div class=\"prose mt-10 mb-8\"><ul>\n<li>In all unseren R\u00e4umlichkeiten gilt ein absolutes Rauchverbot.<\/li>\n<li>Check-in ab 15:00 Uhr<\/li>\n<li>Check out bis 10:00 Uhr. An Sonntagen bis 11 Uhr. Ein sp\u00e4terer Check out kann nach Absprache extra gebucht werden<\/li>\n<li>Unser Grundst\u00fcck verf\u00fcgt \u00fcber gen\u00fcgend Parkpl\u00e4tze<\/li>\n<li>Wir stellen Ihnen ein Aufladeger\u00e4t f\u00fcr Ihr Elektroauto zur Verf\u00fcgung.<\/li>\n<li>Unsere R\u00e4umlichkeiten verf\u00fcgen alle \u00fcber kostenfreies WLAN<\/li>\n<li>Schlafzimmer, die sich auf der S\u00fcdseite befinden, verf\u00fcgen \u00fcber eine Klimaanlage<\/li>\n<li>Jede Unterkunft ist mit einem Tresor ausgestattet.<\/li>\n<li>Die Unterk\u00fcnfte sind alle mit Bettw\u00e4sche, Handt\u00fcchern und K\u00fcchent\u00fcchern ausgestattet.<\/li>\n<li>Unser Hauptgeb\u00e4ude verf\u00fcgt \u00fcber einen Aufzug.<\/li>\n<li>F\u00fcr Ihre eigenen Fahrr\u00e4der steht Ihnen ein \u00fcberdachter offener Schuppen zur Verf\u00fcgung.<\/li>\n<li>M\u00f6chten Sie eine zus\u00e4tzliche Person mitbringen? Informieren Sie sich bei uns \u00fcber die M\u00f6glichkeiten<\/li>\n<li>Lesen Sie auch unsere Stornierungsbedingungen<\/li>\n<\/ul>\n<\/div>\n\t\t\t\n\t\t\t\t\t<\/div>\n\t<\/div>\n\t<div class=\"col-span-12  md:col-span-5   relative\">\n\t\t<div class=\"relative  aspect-[475\/446]  -mr-4 md:mr-0 rounded-3xl rounded-r-none md:rounded-3xl md:rounded-l-none overflow-hidden drop-shadow-2xl\">\n\t\t\t\t\t\t<img loading=\"lazy\" decoding=\"async\" width=\"1024\" height=\"683\" src=\"https:\/\/dhrs.burosmaakmakers.nl\/wp-content\/uploads\/2024\/06\/368A9694.jpg\" class=\"object-cover w-full h-full\" alt=\"\" srcset=\"https:\/\/dhrs.burosmaakmakers.nl\/wp-content\/uploads\/2024\/06\/368A9694.jpg 1024w, https:\/\/dhrs.burosmaakmakers.nl\/wp-content\/uploads\/2024\/06\/368A9694-300x200.jpg 300w, https:\/\/dhrs.burosmaakmakers.nl\/wp-content\/uploads\/2024\/06\/368A9694-768x512.jpg 768w\" sizes=\"auto, (max-width: 1024px) 100vw, 1024px\" \/>\n\t\n\t\t<\/div>\n\t\t\t\t<div class=\"aspect-[310\/220] lg:w-1\/2 rounded-3xl ml-16 -mt-16 z-10 relative overflow-hidden drop-shadow-2xl hidden md:block\">\n\t\t\t\t\t\t<img loading=\"lazy\" decoding=\"async\" width=\"1024\" height=\"683\" src=\"https:\/\/dhrs.burosmaakmakers.nl\/wp-content\/uploads\/2024\/06\/MB__6964-1024x683.jpg\" class=\"object-cover w-full h-full\" alt=\"\" srcset=\"https:\/\/dhrs.burosmaakmakers.nl\/wp-content\/uploads\/2024\/06\/MB__6964-1024x683.jpg 1024w, https:\/\/dhrs.burosmaakmakers.nl\/wp-content\/uploads\/2024\/06\/MB__6964-300x200.jpg 300w, https:\/\/dhrs.burosmaakmakers.nl\/wp-content\/uploads\/2024\/06\/MB__6964-768x512.jpg 768w, https:\/\/dhrs.burosmaakmakers.nl\/wp-content\/uploads\/2024\/06\/MB__6964-1536x1024.jpg 1536w, https:\/\/dhrs.burosmaakmakers.nl\/wp-content\/uploads\/2024\/06\/MB__6964-2048x1365.jpg 2048w\" sizes=\"auto, (max-width: 1024px) 100vw, 1024px\" \/>\n\t\n\t\t<\/div>\n\t\t\n\t\t\t<\/div>\n<\/div>\t\t\t\n\t\t\t\t\t<\/div>\n\t\t\t\t\t\t<\/div>\n\n\n\n<div data-block-id=\"columns\" class=\"relative z-10 my-16 lg:my-44 py-12 lg:py-24\">\n\t\t\t<div class=\"container\">\n\t\t<div class=\"lg:flex gap-x-8 justify-center\">\n\t\t\t\t\t<div class=\"mb-12 lg:mb-0 lg:max-w-[350px] flex-1 \">\n\t\t\t\t<div class=\"relative aspect-[350\/200] rounded-3xl overflow-y-hidden\">\n\t\t\t\t\t\t\t\t<img loading=\"lazy\" decoding=\"async\" width=\"1024\" height=\"585\" src=\"https:\/\/dhrs.burosmaakmakers.nl\/wp-content\/uploads\/2024\/06\/DSC9555-scaled-aspect-ratio-350-200-1024x585.jpg\" class=\"object-cover w-full h-full\" alt=\"\" srcset=\"https:\/\/dhrs.burosmaakmakers.nl\/wp-content\/uploads\/2024\/06\/DSC9555-scaled-aspect-ratio-350-200-1024x585.jpg 1024w, https:\/\/dhrs.burosmaakmakers.nl\/wp-content\/uploads\/2024\/06\/DSC9555-scaled-aspect-ratio-350-200-300x171.jpg 300w, https:\/\/dhrs.burosmaakmakers.nl\/wp-content\/uploads\/2024\/06\/DSC9555-scaled-aspect-ratio-350-200-768x439.jpg 768w, https:\/\/dhrs.burosmaakmakers.nl\/wp-content\/uploads\/2024\/06\/DSC9555-scaled-aspect-ratio-350-200-1536x878.jpg 1536w, https:\/\/dhrs.burosmaakmakers.nl\/wp-content\/uploads\/2024\/06\/DSC9555-scaled-aspect-ratio-350-200-2048x1170.jpg 2048w\" sizes=\"auto, (max-width: 1024px) 100vw, 1024px\" \/>\n\t\n\t\t\t\t<\/div>\n\t\t\t\t\n\t\t\t\t\t\t\t\t\t\n\t\t\t\t\t\t\t\t<h2 class=\"text-xl text-brown relative z-20 bg-none my-6\">\n\t\t\tHunde sind bei uns herzlich Willkommen\n\t\t<\/h2>\n\t\n\t\t\t\t\t\t\t\n\t\t\t\t\t\t\t\t\t<div class=\"prose text-base\"><p>Achten Sie bei der Buchung darauf, dass diese nur in bestimmten Ferienwohnungen erlaubt sind. Neben einem Aufpreis pro Nacht f\u00fcr den Hund zahlen Sie auch einen Aufschlag auf die Reinigungskosten.<\/p>\n<\/div>\n\t\t\t\t\n\n\t\t\t\t\t\t\t<\/div>\n\t\t\t\t\t<div class=\"mb-12 lg:mb-0 lg:max-w-[350px] flex-1 \">\n\t\t\t\t<div class=\"relative aspect-[350\/200] rounded-3xl overflow-y-hidden\">\n\t\t\t\t\t\t\t\t<img loading=\"lazy\" decoding=\"async\" width=\"1024\" height=\"585\" src=\"https:\/\/dhrs.burosmaakmakers.nl\/wp-content\/uploads\/2024\/06\/368A3568-scaled-aspect-ratio-350-200-1024x585.jpg\" class=\"object-cover w-full h-full\" alt=\"\" srcset=\"https:\/\/dhrs.burosmaakmakers.nl\/wp-content\/uploads\/2024\/06\/368A3568-scaled-aspect-ratio-350-200-1024x585.jpg 1024w, https:\/\/dhrs.burosmaakmakers.nl\/wp-content\/uploads\/2024\/06\/368A3568-scaled-aspect-ratio-350-200-300x171.jpg 300w, https:\/\/dhrs.burosmaakmakers.nl\/wp-content\/uploads\/2024\/06\/368A3568-scaled-aspect-ratio-350-200-768x439.jpg 768w, https:\/\/dhrs.burosmaakmakers.nl\/wp-content\/uploads\/2024\/06\/368A3568-scaled-aspect-ratio-350-200-1536x878.jpg 1536w, https:\/\/dhrs.burosmaakmakers.nl\/wp-content\/uploads\/2024\/06\/368A3568-scaled-aspect-ratio-350-200-2048x1170.jpg 2048w\" sizes=\"auto, (max-width: 1024px) 100vw, 1024px\" \/>\n\t\n\t\t\t\t<\/div>\n\t\t\t\t\n\t\t\t\t\t\t\t\t\t\n\t\t\t\t\t\t\t\t<h2 class=\"text-xl text-brown relative z-20 bg-none my-6\">\n\t\t\tFr\u00fchst\u00fccksservice\n\t\t<\/h2>\n\t\n\t\t\t\t\t\t\t\n\t\t\t\t\t\t\t\t\t<div class=\"prose text-base\"><p>Die Zimmer beinhalten immer ein reichhaltiges und frisches Fr\u00fchst\u00fcck, mit Ausnahme des Kellerzimmers und der Souterrainzimmer. F\u00fcr die anderen Unterk\u00fcnfte stellen wir dies optional zur Verf\u00fcgung. Um 08:30 Uhr finden Sie einen reich gef\u00fcllten Korb vor Ihrer T\u00fcr. Sind Sie fertig mit dem Essen? Stellen Sie den Korb dann wieder in den Flur und wir k\u00fcmmern uns um den Rest.<br \/>\nSpezielle Ern\u00e4hrungsbed\u00fcrfnisse? Teilen Sie uns diese rechtzeitig mit, damit wir es ber\u00fccksichtigen k\u00f6nnen.<\/p>\n<\/div>\n\t\t\t\t\n\n\t\t\t\t\t\t\t<\/div>\n\t\t\t\t\t<div class=\"mb-12 lg:mb-0 lg:max-w-[350px] flex-1 \">\n\t\t\t\t<div class=\"relative aspect-[350\/200] rounded-3xl overflow-y-hidden\">\n\t\t\t\t\t\t\t\t<img loading=\"lazy\" decoding=\"async\" width=\"1024\" height=\"585\" src=\"https:\/\/dhrs.burosmaakmakers.nl\/wp-content\/uploads\/2024\/06\/vije-vijendranath-COp-kDF4RWs-unsplash-scaled-aspect-ratio-350-200-1024x585.jpg\" class=\"object-cover w-full h-full\" alt=\"\" srcset=\"https:\/\/dhrs.burosmaakmakers.nl\/wp-content\/uploads\/2024\/06\/vije-vijendranath-COp-kDF4RWs-unsplash-scaled-aspect-ratio-350-200-1024x585.jpg 1024w, https:\/\/dhrs.burosmaakmakers.nl\/wp-content\/uploads\/2024\/06\/vije-vijendranath-COp-kDF4RWs-unsplash-scaled-aspect-ratio-350-200-300x171.jpg 300w, https:\/\/dhrs.burosmaakmakers.nl\/wp-content\/uploads\/2024\/06\/vije-vijendranath-COp-kDF4RWs-unsplash-scaled-aspect-ratio-350-200-768x439.jpg 768w, https:\/\/dhrs.burosmaakmakers.nl\/wp-content\/uploads\/2024\/06\/vije-vijendranath-COp-kDF4RWs-unsplash-scaled-aspect-ratio-350-200-1536x878.jpg 1536w, https:\/\/dhrs.burosmaakmakers.nl\/wp-content\/uploads\/2024\/06\/vije-vijendranath-COp-kDF4RWs-unsplash-scaled-aspect-ratio-350-200-2048x1170.jpg 2048w\" sizes=\"auto, (max-width: 1024px) 100vw, 1024px\" \/>\n\t\n\t\t\t\t<\/div>\n\t\t\t\t\n\t\t\t\t\t\t\t\t\t\n\t\t\t\t\t\t\t\t<h2 class=\"text-xl text-brown relative z-20 bg-none my-6\">\n\t\t\tExtra gegen Bezahlung zu erwerben\n\t\t<\/h2>\n\t\n\t\t\t\t\t\t\t\n\t\t\t\t\t\t\t\t\t<div class=\"prose text-base\"><ul>\n<li>Eine Zwischenreinigung Ihrer Wohnung, Ihres Zimmers oder Ihres Studios<\/li>\n<li>Extra Saubere Bettw\u00e4sche<\/li>\n<li>Ein Babybett und, oder einen Hochstuhl<\/li>\n<li>Vermietung von Fahrr\u00e4dern und E-Bikes<\/li>\n<\/ul>\n<\/div>\n\t\t\t\t\n\n\t\t\t\t\t\t\t<\/div>\n\t\t\t\t<\/div>\n\t\t<\/div>\n<\/div>\n","protected":false},"excerpt":{"rendered":"","protected":false},"author":1,"featured_media":0,"parent":0,"menu_order":0,"comment_status":"closed","ping_status":"closed","template":"","meta":{"_acf_changed":false,"footnotes":""},"class_list":["post-941","page","type-page","status-publish","hentry"],"acf":[],"yoast_head":"<!-- This site is optimized with the Yoast SEO plugin v23.0 - https:\/\/yoast.com\/wordpress\/plugins\/seo\/ -->\n<title>Unterk\u00fcnfte - Domburg Holiday Resort<\/title>\n<meta name=\"robots\" content=\"index, follow, max-snippet:-1, max-image-preview:large, max-video-preview:-1\" \/>\n<link rel=\"canonical\" href=\"https:\/\/dhrs.burosmaakmakers.nl\/de\/unterkunfte\/\" \/>\n<meta property=\"og:locale\" content=\"de_DE\" \/>\n<meta property=\"og:type\" content=\"article\" \/>\n<meta property=\"og:title\" content=\"Unterk\u00fcnfte - Domburg Holiday Resort\" \/>\n<meta property=\"og:url\" content=\"https:\/\/dhrs.burosmaakmakers.nl\/de\/unterkunfte\/\" \/>\n<meta property=\"og:site_name\" content=\"Domburg Holiday Resort\" \/>\n<meta property=\"article:modified_time\" content=\"2024-07-04T06:25:15+00:00\" \/>\n<meta name=\"twitter:card\" content=\"summary_large_image\" \/>\n<script type=\"application\/ld+json\" class=\"yoast-schema-graph\">{\"@context\":\"https:\/\/schema.org\",\"@graph\":[{\"@type\":\"WebPage\",\"@id\":\"https:\/\/dhrs.burosmaakmakers.nl\/de\/unterkunfte\/\",\"url\":\"https:\/\/dhrs.burosmaakmakers.nl\/de\/unterkunfte\/\",\"name\":\"Unterk\u00fcnfte - Domburg Holiday Resort\",\"isPartOf\":{\"@id\":\"https:\/\/dhrs.burosmaakmakers.nl\/de\/#website\"},\"datePublished\":\"2024-07-04T06:25:14+00:00\",\"dateModified\":\"2024-07-04T06:25:15+00:00\",\"breadcrumb\":{\"@id\":\"https:\/\/dhrs.burosmaakmakers.nl\/de\/unterkunfte\/#breadcrumb\"},\"inLanguage\":\"de\",\"potentialAction\":[{\"@type\":\"ReadAction\",\"target\":[\"https:\/\/dhrs.burosmaakmakers.nl\/de\/unterkunfte\/\"]}]},{\"@type\":\"BreadcrumbList\",\"@id\":\"https:\/\/dhrs.burosmaakmakers.nl\/de\/unterkunfte\/#breadcrumb\",\"itemListElement\":[{\"@type\":\"ListItem\",\"position\":1,\"name\":\"Home\",\"item\":\"https:\/\/dhrs.burosmaakmakers.nl\/de\/\"},{\"@type\":\"ListItem\",\"position\":2,\"name\":\"Unterk\u00fcnfte\"}]},{\"@type\":\"WebSite\",\"@id\":\"https:\/\/dhrs.burosmaakmakers.nl\/de\/#website\",\"url\":\"https:\/\/dhrs.burosmaakmakers.nl\/de\/\",\"name\":\"Domburg Holiday Resort\",\"description\":\"\",\"potentialAction\":[{\"@type\":\"SearchAction\",\"target\":{\"@type\":\"EntryPoint\",\"urlTemplate\":\"https:\/\/dhrs.burosmaakmakers.nl\/de\/?s={search_term_string}\"},\"query-input\":\"required name=search_term_string\"}],\"inLanguage\":\"de\"}]}<\/script>\n<!-- \/ Yoast SEO plugin. -->","yoast_head_json":{"title":"Unterk\u00fcnfte - Domburg Holiday Resort","robots":{"index":"index","follow":"follow","max-snippet":"max-snippet:-1","max-image-preview":"max-image-preview:large","max-video-preview":"max-video-preview:-1"},"canonical":"https:\/\/dhrs.burosmaakmakers.nl\/de\/unterkunfte\/","og_locale":"de_DE","og_type":"article","og_title":"Unterk\u00fcnfte - Domburg Holiday Resort","og_url":"https:\/\/dhrs.burosmaakmakers.nl\/de\/unterkunfte\/","og_site_name":"Domburg Holiday Resort","article_modified_time":"2024-07-04T06:25:15+00:00","twitter_card":"summary_large_image","schema":{"@context":"https:\/\/schema.org","@graph":[{"@type":"WebPage","@id":"https:\/\/dhrs.burosmaakmakers.nl\/de\/unterkunfte\/","url":"https:\/\/dhrs.burosmaakmakers.nl\/de\/unterkunfte\/","name":"Unterk\u00fcnfte - Domburg Holiday Resort","isPartOf":{"@id":"https:\/\/dhrs.burosmaakmakers.nl\/de\/#website"},"datePublished":"2024-07-04T06:25:14+00:00","dateModified":"2024-07-04T06:25:15+00:00","breadcrumb":{"@id":"https:\/\/dhrs.burosmaakmakers.nl\/de\/unterkunfte\/#breadcrumb"},"inLanguage":"de","potentialAction":[{"@type":"ReadAction","target":["https:\/\/dhrs.burosmaakmakers.nl\/de\/unterkunfte\/"]}]},{"@type":"BreadcrumbList","@id":"https:\/\/dhrs.burosmaakmakers.nl\/de\/unterkunfte\/#breadcrumb","itemListElement":[{"@type":"ListItem","position":1,"name":"Home","item":"https:\/\/dhrs.burosmaakmakers.nl\/de\/"},{"@type":"ListItem","position":2,"name":"Unterk\u00fcnfte"}]},{"@type":"WebSite","@id":"https:\/\/dhrs.burosmaakmakers.nl\/de\/#website","url":"https:\/\/dhrs.burosmaakmakers.nl\/de\/","name":"Domburg Holiday Resort","description":"","potentialAction":[{"@type":"SearchAction","target":{"@type":"EntryPoint","urlTemplate":"https:\/\/dhrs.burosmaakmakers.nl\/de\/?s={search_term_string}"},"query-input":"required name=search_term_string"}],"inLanguage":"de"}]}},"_links":{"self":[{"href":"https:\/\/dhrs.burosmaakmakers.nl\/de\/wp-json\/wp\/v2\/pages\/941","targetHints":{"allow":["GET"]}}],"collection":[{"href":"https:\/\/dhrs.burosmaakmakers.nl\/de\/wp-json\/wp\/v2\/pages"}],"about":[{"href":"https:\/\/dhrs.burosmaakmakers.nl\/de\/wp-json\/wp\/v2\/types\/page"}],"author":[{"embeddable":true,"href":"https:\/\/dhrs.burosmaakmakers.nl\/de\/wp-json\/wp\/v2\/users\/1"}],"replies":[{"embeddable":true,"href":"https:\/\/dhrs.burosmaakmakers.nl\/de\/wp-json\/wp\/v2\/comments?post=941"}],"version-history":[{"count":1,"href":"https:\/\/dhrs.burosmaakmakers.nl\/de\/wp-json\/wp\/v2\/pages\/941\/revisions"}],"predecessor-version":[{"id":943,"href":"https:\/\/dhrs.burosmaakmakers.nl\/de\/wp-json\/wp\/v2\/pages\/941\/revisions\/943"}],"wp:attachment":[{"href":"https:\/\/dhrs.burosmaakmakers.nl\/de\/wp-json\/wp\/v2\/media?parent=941"}],"curies":[{"name":"wp","href":"https:\/\/api.w.org\/{rel}","templated":true}]}}