{"id":757,"date":"2024-06-11T14:03:26","date_gmt":"2024-06-11T14:03:26","guid":{"rendered":"http:\/\/dhrs.burosmaakmakers.nl\/?page_id=757"},"modified":"2024-07-03T13:07:49","modified_gmt":"2024-07-03T13:07:49","slug":"training-kurse-und-beratung-im-pferdesport","status":"publish","type":"page","link":"https:\/\/dhrs.burosmaakmakers.nl\/de\/pferdeurlaub\/training-kurse-und-beratung-im-pferdesport\/","title":{"rendered":"Training, Kurse und Beratung im Pferdesport"},"content":{"rendered":"\n<div data-block-id=\"hero\" class=\"relative\">\n\t\t\t<div class=\"w-full  relative md:overflow-hidden h-[300px] md:h-[500px]  bg-brown\">\t\n\t\t\t\t\t<div class=\"absolute w-full h-full top-0 left-0 bg-black bg-opacity-10\"><\/div>\n\t\t\n\t\t<div class=\"absolute w-full h-full items-center lg:pb-52 top-0 flex justify-center\">\n\t\t\t<div class=\"container\">\n\t\t\t\t<div class=\"lg:w-7\/12 flex flex-col space-y-4 items-start\">\n\t\t\t\t\t\t\t\t\t\t\t\t\t\t<h1 class=\"text-[32px] leading-[40px] text-white font-titles lg:text-3xl text-darkblue font-bold lg:max-w-[16ch]\">\n\t\t\tTraining, Kurse und Beratung im Pferdesport\n\t\t<\/h1>\n\t\n\t\t\t\t\t\t\t\t\t\t<div class=\"text-white text-[21px] leading-[26px] tracking-tight lg:text-xl font-titles font-bold !mb-6\"><\/div>\t\t\t\t\t\n\t\t\t\t\t\t\t\n\t\t\n\t\t\n\t\t\t\t<\/div>\n\t\t\t<\/div>\n\t\t<\/div>\n\t\t<div class=\"w-full top-[101%] h-[53px] md:h-[200px] bg-repeat-x bg-cover md:bg-contain absolute md:top-full -translate-y-full z-0 \" style=\"background-position: bottom center; background-image: url( https:\/\/dhrs.burosmaakmakers.nl\/wp-content\/themes\/dhr\/build\/images\/shapes\/header_bottom.svg)\"><\/div>\n\t<\/div>\t\n\t\n<\/div>\n\n<div data-block-id=\"intro_intro\" class=\"relative my-16 mb-24 z-[60] md:mb-60 \" >\n\t<div class=\"container\">\n\t\t<div class=\"grid grid-cols-12 md:gap-16\">\n\t\t\t\n\t\t\t\t\t\t<div class=\"col-span-12 md:col-span-6 flex items-end pb-12 text-center md:text-left\">\n\t\t\t\t\t\t\t\t\t<div class=\"prose px-4 md:px-0 max-w-4xl prose-p:text-[15px] prose-p:md:text-[20px] prose-p:md:eading-[32px] font-titles mx-auto\"><p>Mit Liebe, Erfahrung, Professionalit\u00e4t und Wissen \u00fcber Tierfreundlichkeit bieten wir ma\u00dfgeschneiderte Schulungen, Reitkurse und Unterricht an. Mit der Idee, dass Wissen dazu da ist, geteilt zu werden, bringen wir Ihnen die Tricks des Fachs bei, damit wir gemeinsam auf verantwortungsvolle Weise das Beste aus dem Reitsport herausholen k\u00f6nnen.<\/p>\n<\/div>\n\t\t\t\t\t\t\t\t\t\t\t\t\t<div class=\"mt-6\">\n\t\t\t\t\t\t\t\t\n\t\t\n\t\t\t\t\t\t\t\t\n\t\t\t\t\t<\/div>\n\t\t\t\t\t\t\t<\/div>\n\t\t\t\t\t\t\n\t\t\t<div class=\"col-span-12 md:col-span-6\">\n\t\t\t\t<div class=\"relative aspect-[300\/240] md:aspect-[540\/600] rounded-3xl overflow-hidden drop-shadow-2xl md:-mt-60 \">\n\t\t\t\t\t\t\t\t<img loading=\"lazy\" decoding=\"async\" width=\"1024\" height=\"1024\" src=\"https:\/\/dhrs.burosmaakmakers.nl\/wp-content\/uploads\/2024\/06\/DSC_7263-2-1024x1024.jpg\" class=\"object-cover w-full h-full\" alt=\"\" srcset=\"https:\/\/dhrs.burosmaakmakers.nl\/wp-content\/uploads\/2024\/06\/DSC_7263-2-1024x1024.jpg 1024w, https:\/\/dhrs.burosmaakmakers.nl\/wp-content\/uploads\/2024\/06\/DSC_7263-2-300x300.jpg 300w, https:\/\/dhrs.burosmaakmakers.nl\/wp-content\/uploads\/2024\/06\/DSC_7263-2-768x768.jpg 768w, https:\/\/dhrs.burosmaakmakers.nl\/wp-content\/uploads\/2024\/06\/DSC_7263-2-500x500.jpg 500w, https:\/\/dhrs.burosmaakmakers.nl\/wp-content\/uploads\/2024\/06\/DSC_7263-2.jpg 1067w\" sizes=\"auto, (max-width: 1024px) 100vw, 1024px\" \/>\n\t\n\t\t\t\t<\/div>\n\t\t\t<\/div>\n\t\t\t\t\t<\/div>\n\t<\/div>\n<\/div>\n\n\n\t\t\t\t<div data-block-id=\"image-text\" class=\"relative z-20 bg-pinkwave bg-tan z-50 pb-16 lg:pb-12 my-16 lg:my-52\">\n\t\t\t\t\t\t \n\t\t\t<div class=\"w-full min-h-20 lg:min-h-52 bg-repeat-x bg-contain absolute top-0 -translate-y-full z-0 \" style=\"background-position: bottom center; background-image: url( https:\/\/dhrs.burosmaakmakers.nl\/wp-content\/themes\/dhr\/build\/images\/shapes\/pinktan_top.svg)\"><\/div>\n\t\t\t\t\t\t\t\t\t\t<div class=\"container relative z-10\">\n\t\t\t\t\t\t\t\t\t\t<div class=\"grid grid-cols-12 md:grid-flow-col max-w-3xl mx-auto\">\n\t\t<div class=\"order-2 md:order-1 col-span-12 md:col-span-6 flex flex-col pt-8 md:pt-24 md:pl-8 text-center md:text-left z-0\">\t\t\n\t\t\t\t\t\t\t\t\t\t\t\t\t<h2 class=\"text-brown text-lg max-w-[16ch] mx-auto md:m-0 md:text-xl relative z-10\">\n\t\t\tTipp!\n\t\t<\/h2>\n\t\n\t\t\t\t\t\t<div class=\"\">\n\t\t\t\t\t\t\t\t\t<div class=\"prose my-4 md:mt-10 md:mb-12\"><p>Stellen Sie Ihr Pferd an einem vertrauensw\u00fcrdigen und professionellen Ort unter, w\u00e4hrend Sie aber woanders \u00fcbernachten.<\/p>\n<\/div>\n\t\t\t\t\t\n\t\t\t\t\t\t\t\t\t<div class=\"\">\n\t\t\t\t\t\t\t\t\n\t\t\n\t\t\t\t<a href=\"https:\/\/dhrs.burosmaakmakers.nl\/de\/pferdeurlaub\/stallungen-und-einrichtungen\/\"  class=\"inline-flex group whitespace-nowrap items-center gap-2 rounded-full px-5 py-3 text-[14px] font-bold duration-300 transition-all origin-center focus-visible:outline focus-visible:outline-2 focus-visible:outline-offset-2 bg-pink hover:bg-white text-white no-underline focus-visible:outline-primary-600 custom-shadow hover:text-pink\" >\n\t\t\tPferdestall mieten\n\t\t\t<svg width=\"16\" height=\"11\" viewBox=\"0 0 16 11\" fill=\"none\" xmlns=\"http:\/\/www.w3.org\/2000\/svg\">\n\t\t\t\t<path d=\"M15.6875 6.67871L11.6875 10.6787C11.3125 11.085 10.6562 11.085 10.2812 10.6787C9.875 10.3037 9.875 9.64746 10.2812 9.27246L12.5625 6.95996H1C0.4375 6.95996 0 6.52246 0 5.95996C0 5.42871 0.4375 4.95996 1 4.95996H12.5625L10.2812 2.67871C9.875 2.30371 9.875 1.64746 10.2812 1.27246C10.6562 0.866211 11.3125 0.866211 11.6875 1.27246L15.6875 5.27246C16.0938 5.64746 16.0938 6.30371 15.6875 6.67871Z\" fill=\"currentColor\"\/>\n\t\t\t<\/svg>\n\t\t<\/a>\n\t\n\t\t\t\t\t<\/div>\n\t\t\t\t\t\t\t<\/div>\n\t\t<\/div>\n\t\t<div class=\"order-1 md:order-2 col-span-12 md:col-span-6 relative\">\n\t\t\t<div class=\"relative aspect-square md:mr-0 rounded-3xl overflow-hidden drop-shadow-2xl\">\n\t\t\t\t\t\t\t<img loading=\"lazy\" decoding=\"async\" width=\"609\" height=\"683\" src=\"https:\/\/dhrs.burosmaakmakers.nl\/wp-content\/uploads\/2024\/05\/MB1_9790-1024x683-1.jpg\" class=\"object-cover w-full h-full\" alt=\"\" srcset=\"https:\/\/dhrs.burosmaakmakers.nl\/wp-content\/uploads\/2024\/05\/MB1_9790-1024x683-1.jpg 609w, https:\/\/dhrs.burosmaakmakers.nl\/wp-content\/uploads\/2024\/05\/MB1_9790-1024x683-1-267x300.jpg 267w\" sizes=\"auto, (max-width: 609px) 100vw, 609px\" \/>\n\t\n\t\t\t<\/div>\n\t\t<\/div>\n\t<\/div>\n\t\t\t\t\n\t\t\t\t\t<\/div>\n\t\t\t\t<div class=\"w-full min-h-20 lg:min-h-52 bg-repeat-x bg-contain absolute top-full  z-0 \" style=\"background-position: top center; background-image: url( https:\/\/dhrs.burosmaakmakers.nl\/wp-content\/themes\/dhr\/build\/images\/shapes\/wave-beige.svg)\"><\/div>\n\t\t\t\t\t<\/div>\n\n\n\n<div data-block-id=\"columns\" class=\"relative z-10 my-16 lg:my-44 py-12 lg:py-24\">\n\t\t\t<div class=\"container\">\n\t\t<div class=\"lg:flex gap-x-8 justify-center\">\n\t\t\t\t\t<div class=\"mb-12 lg:mb-0 lg:max-w-[350px] flex-1 \">\n\t\t\t\t<div class=\"relative aspect-[350\/200] rounded-3xl overflow-y-hidden\">\n\t\t\t\t\t\t\t\t<img loading=\"lazy\" decoding=\"async\" width=\"1024\" height=\"585\" src=\"https:\/\/dhrs.burosmaakmakers.nl\/wp-content\/uploads\/2024\/06\/IMG_0175-aspect-ratio-350-200-1024x585.jpg\" class=\"object-cover w-full h-full\" alt=\"\" srcset=\"https:\/\/dhrs.burosmaakmakers.nl\/wp-content\/uploads\/2024\/06\/IMG_0175-aspect-ratio-350-200-1024x585.jpg 1024w, https:\/\/dhrs.burosmaakmakers.nl\/wp-content\/uploads\/2024\/06\/IMG_0175-aspect-ratio-350-200-300x171.jpg 300w, https:\/\/dhrs.burosmaakmakers.nl\/wp-content\/uploads\/2024\/06\/IMG_0175-aspect-ratio-350-200-768x439.jpg 768w, https:\/\/dhrs.burosmaakmakers.nl\/wp-content\/uploads\/2024\/06\/IMG_0175-aspect-ratio-350-200.jpg 1280w\" sizes=\"auto, (max-width: 1024px) 100vw, 1024px\" \/>\n\t\n\t\t\t\t<\/div>\n\t\t\t\t\n\t\t\t\t\t\t\t\t\t\n\t\t\t\t\t\t\t\t<h3 class=\"text-md font-titles text-brown relative z-20 bg-none my-6\">\n\t\t\tTrainingseinheiten\n\t\t<\/h3>\n\t\n\t\t\t\t\t\t\t\n\t\t\t\t\t\t\t\t\t<div class=\"prose text-base\"><p>Nicht nur unsere G\u00e4ste, sondern jeder mit eigenem Pferd kann bei uns Unterricht in Dressur, Springen, Vielseitigkeit und Longieren bekommen. Es spielt keine Rolle, ob Sie gerade erst anfangen oder schon seit Jahren dabei sind; Jedes Niveau ist willkommen! Wir teilen unsere Leidenschaft gerne und bieten ma\u00dfgeschneiderten Unterricht an. Wir vereinbaren im Voraus, was wir tun werden und gestalten den Unterricht basierend auf dem, was Sie erleben und welche Ziele Sie erreichen m\u00f6chten.<\/p>\n<\/div>\n\t\t\t\t\n\n\t\t\t\t\t\t\t<\/div>\n\t\t\t\t\t<div class=\"mb-12 lg:mb-0 lg:max-w-[350px] flex-1 \">\n\t\t\t\t<div class=\"relative aspect-[350\/200] rounded-3xl overflow-y-hidden\">\n\t\t\t\t\t\t\t\t<img loading=\"lazy\" decoding=\"async\" width=\"1024\" height=\"585\" src=\"https:\/\/dhrs.burosmaakmakers.nl\/wp-content\/uploads\/2024\/06\/368A8940-scaled-aspect-ratio-350-200-1024x585.jpg\" class=\"object-cover w-full h-full\" alt=\"\" srcset=\"https:\/\/dhrs.burosmaakmakers.nl\/wp-content\/uploads\/2024\/06\/368A8940-scaled-aspect-ratio-350-200-1024x585.jpg 1024w, https:\/\/dhrs.burosmaakmakers.nl\/wp-content\/uploads\/2024\/06\/368A8940-scaled-aspect-ratio-350-200-300x171.jpg 300w, https:\/\/dhrs.burosmaakmakers.nl\/wp-content\/uploads\/2024\/06\/368A8940-scaled-aspect-ratio-350-200-768x439.jpg 768w, https:\/\/dhrs.burosmaakmakers.nl\/wp-content\/uploads\/2024\/06\/368A8940-scaled-aspect-ratio-350-200-1536x878.jpg 1536w, https:\/\/dhrs.burosmaakmakers.nl\/wp-content\/uploads\/2024\/06\/368A8940-scaled-aspect-ratio-350-200-2048x1170.jpg 2048w\" sizes=\"auto, (max-width: 1024px) 100vw, 1024px\" \/>\n\t\n\t\t\t\t<\/div>\n\t\t\t\t\n\t\t\t\t\t\t\t\t\t\n\t\t\t\t\t\t\t\t<h3 class=\"text-md font-titles text-brown relative z-20 bg-none my-6\">\n\t\t\tReitschule\n\t\t<\/h3>\n\t\n\t\t\t\t\t\t\t\n\t\t\t\t\t\t\t\t\t<div class=\"prose text-base\"><p>Das Domburg Holiday Resort ist der Ort f\u00fcr professionelle Reitschule. Marcelle ist eine der Eigent\u00fcmerinnen und in ihrer Rolle als Nationaltrainerin des niederl\u00e4ndischen Vielseitigkeitsreitens (Jugend) ist sie ein bekanntes Gesicht im nationalen und internationalen Pferdesport. Sie bietet verschiedene Reitkurse auf unserem eigenen Gel\u00e4nde im ganzen Land und dar\u00fcber hinaus an. Die Trainingseinheiten sind f\u00fcr begeisterte und neugierige Reiter\/Liebhaber aller Niveaus zug\u00e4nglich.<\/p>\n<p>Gut zu wissen: Ihr Kurs oder Ihr Unterricht ist immer ma\u00dfgeschneidert, denn genau wie Ihr Pferd ist auch unsere Ausbildung einzigartig.<\/p>\n<\/div>\n\t\t\t\t\n\n\t\t\t\t\t\t\t<\/div>\n\t\t\t\t\t<div class=\"mb-12 lg:mb-0 lg:max-w-[350px] flex-1 \">\n\t\t\t\t<div class=\"relative aspect-[350\/200] rounded-3xl overflow-y-hidden\">\n\t\t\t\t\t\t\t\t<img loading=\"lazy\" decoding=\"async\" width=\"1024\" height=\"585\" src=\"https:\/\/dhrs.burosmaakmakers.nl\/wp-content\/uploads\/2024\/06\/DSC9474-scaled-aspect-ratio-350-200-1-1024x585.jpg\" class=\"object-cover w-full h-full\" alt=\"\" srcset=\"https:\/\/dhrs.burosmaakmakers.nl\/wp-content\/uploads\/2024\/06\/DSC9474-scaled-aspect-ratio-350-200-1-1024x585.jpg 1024w, https:\/\/dhrs.burosmaakmakers.nl\/wp-content\/uploads\/2024\/06\/DSC9474-scaled-aspect-ratio-350-200-1-300x171.jpg 300w, https:\/\/dhrs.burosmaakmakers.nl\/wp-content\/uploads\/2024\/06\/DSC9474-scaled-aspect-ratio-350-200-1-768x439.jpg 768w, https:\/\/dhrs.burosmaakmakers.nl\/wp-content\/uploads\/2024\/06\/DSC9474-scaled-aspect-ratio-350-200-1-1536x878.jpg 1536w, https:\/\/dhrs.burosmaakmakers.nl\/wp-content\/uploads\/2024\/06\/DSC9474-scaled-aspect-ratio-350-200-1-2048x1170.jpg 2048w\" sizes=\"auto, (max-width: 1024px) 100vw, 1024px\" \/>\n\t\n\t\t\t\t<\/div>\n\t\t\t\t\n\t\t\t\t\t\t\t\t\t\n\t\t\t\t\t\t\t\t<h3 class=\"text-md font-titles text-brown relative z-20 bg-none my-6\">\n\t\t\tIntensiver Coachingprozess\n\t\t<\/h3>\n\t\n\t\t\t\t\t\t\t\n\t\t\t\t\t\t\t\t\t<div class=\"prose text-base\"><p>M\u00f6chten Sie schneller vorankommen? Dann bieten wir auch ein mehrmonatiges intensives Beratungsprogramm an. Dadurch wird sichergestellt, dass grundlegende Schritte unternommen werden k\u00f6nnen, um ein solides Fundament zu legen.<\/p>\n<\/div>\n\t\t\t\t\n\n\t\t\t\t\t\t\t<\/div>\n\t\t\t\t\t<div class=\"mb-12 lg:mb-0 lg:max-w-[350px] flex-1 \">\n\t\t\t\t<div class=\"relative aspect-[350\/200] rounded-3xl overflow-y-hidden\">\n\t\t\t\t\t\t\t\t<img loading=\"lazy\" decoding=\"async\" width=\"1024\" height=\"585\" src=\"https:\/\/dhrs.burosmaakmakers.nl\/wp-content\/uploads\/2024\/06\/A9_08610-scaled-aspect-ratio-350-200-1-1024x585.jpg\" class=\"object-cover w-full h-full\" alt=\"\" srcset=\"https:\/\/dhrs.burosmaakmakers.nl\/wp-content\/uploads\/2024\/06\/A9_08610-scaled-aspect-ratio-350-200-1-1024x585.jpg 1024w, https:\/\/dhrs.burosmaakmakers.nl\/wp-content\/uploads\/2024\/06\/A9_08610-scaled-aspect-ratio-350-200-1-300x171.jpg 300w, https:\/\/dhrs.burosmaakmakers.nl\/wp-content\/uploads\/2024\/06\/A9_08610-scaled-aspect-ratio-350-200-1-768x439.jpg 768w, https:\/\/dhrs.burosmaakmakers.nl\/wp-content\/uploads\/2024\/06\/A9_08610-scaled-aspect-ratio-350-200-1-1536x878.jpg 1536w, https:\/\/dhrs.burosmaakmakers.nl\/wp-content\/uploads\/2024\/06\/A9_08610-scaled-aspect-ratio-350-200-1-2048x1170.jpg 2048w\" sizes=\"auto, (max-width: 1024px) 100vw, 1024px\" \/>\n\t\n\t\t\t\t<\/div>\n\t\t\t\t\n\t\t\t\t\t\t\t\t\t\n\t\t\t\t\t\t\t\t<h3 class=\"text-md font-titles text-brown relative z-20 bg-none my-6\">\n\t\t\tTrainieren Sie mit Ihrem Pferd auf unserem Vielseitigkeitsgel\u00e4nde\n\t\t<\/h3>\n\t\n\t\t\t\t\t\t\t\n\t\t\t\t\t\t\t\t\t<div class=\"prose text-base\"><p>In den letzten Jahren haben wir ein abwechslungsreiches Cross-Gel\u00e4nde entwickelt. Das Gel\u00e4nde wird die ganze Saison \u00fcber gut gepflegt und jedes Jahr kommen neue Hindernisse und Spr\u00fcnge hinzu. Dar\u00fcber hinaus ist das Gel\u00e4nde ideal f\u00fcr unerfahrene Ponys und Pferde. Reiter aller Niveaus sind herzlich willkommen, auf unserem Cross-Gel\u00e4nde frei oder unter Aufsicht zu trainieren. Braucht Ihr Pferd zus\u00e4tzliche Erfahrung im Wasser? Wir haben den idealen Wasserplatz, in dem Sie auf unterschiedliche Weise ins und aus dem Wasser springen k\u00f6nnen.<\/p>\n<\/div>\n\t\t\t\t\n\n\t\t\t\t\t\t\t<\/div>\n\t\t\t\t<\/div>\n\t\t<\/div>\n<\/div>\n\n\n<div data-block-id=\"intro_intro\" class=\"relative my-16 mb-24 md:my-16 \" >\n\t<div class=\"container\">\n\t\t<div class=\"grid grid-cols-12 md:gap-16\">\n\t\t\t\n\t\t\t\t\t\t<div class=\"col-span-12 text-center\">\n\t\t\t\t\t\t\t\t\t<div class=\"prose px-4 md:px-0 max-w-4xl prose-p:text-[15px] prose-p:md:text-[20px] prose-p:md:eading-[32px] font-titles mx-auto\"><h2>Interessiert an einer der oben genannten Optionen?<br \/>\nBitte <a href=\"https:\/\/dhrs.burosmaakmakers.nl\/de\/kontakt\/\">kontaktieren<\/a> Sie uns f\u00fcr die M\u00f6glichkeiten.<\/h2>\n<p>&nbsp;<\/p>\n<p>&nbsp;<\/p>\n<\/div>\n\t\t\t\t\t\t\t\t\t\t\t\t\t<div class=\"mt-6\">\n\t\t\t\t\t\t\t\t\n\t\t\n\t\t\t\t\t\t\t\t\n\t\t\t\t\t<\/div>\n\t\t\t\t\t\t\t<\/div>\n\t\t\t\t\t<\/div>\n\t<\/div>\n<\/div>\n","protected":false},"excerpt":{"rendered":"","protected":false},"author":1,"featured_media":0,"parent":753,"menu_order":0,"comment_status":"closed","ping_status":"closed","template":"","meta":{"_acf_changed":false,"footnotes":""},"class_list":["post-757","page","type-page","status-publish","hentry"],"acf":[],"yoast_head":"<!-- This site is optimized with the Yoast SEO plugin v23.0 - https:\/\/yoast.com\/wordpress\/plugins\/seo\/ -->\n<title>Training, Kurse und Beratung im Pferdesport - Domburg Holiday Resort<\/title>\n<meta name=\"robots\" content=\"index, follow, max-snippet:-1, max-image-preview:large, max-video-preview:-1\" \/>\n<link rel=\"canonical\" href=\"https:\/\/dhrs.burosmaakmakers.nl\/de\/pferdeurlaub\/training-kurse-und-beratung-im-pferdesport\/\" \/>\n<meta property=\"og:locale\" content=\"de_DE\" \/>\n<meta property=\"og:type\" content=\"article\" \/>\n<meta property=\"og:title\" content=\"Training, Kurse und Beratung im Pferdesport - Domburg Holiday Resort\" \/>\n<meta property=\"og:url\" content=\"https:\/\/dhrs.burosmaakmakers.nl\/de\/pferdeurlaub\/training-kurse-und-beratung-im-pferdesport\/\" \/>\n<meta property=\"og:site_name\" content=\"Domburg Holiday Resort\" \/>\n<meta property=\"article:modified_time\" content=\"2024-07-03T13:07:49+00:00\" \/>\n<meta name=\"twitter:card\" content=\"summary_large_image\" \/>\n<script type=\"application\/ld+json\" class=\"yoast-schema-graph\">{\"@context\":\"https:\/\/schema.org\",\"@graph\":[{\"@type\":\"WebPage\",\"@id\":\"https:\/\/dhrs.burosmaakmakers.nl\/de\/pferdeurlaub\/training-kurse-und-beratung-im-pferdesport\/\",\"url\":\"https:\/\/dhrs.burosmaakmakers.nl\/de\/pferdeurlaub\/training-kurse-und-beratung-im-pferdesport\/\",\"name\":\"Training, Kurse und Beratung im Pferdesport - Domburg Holiday Resort\",\"isPartOf\":{\"@id\":\"https:\/\/dhrs.burosmaakmakers.nl\/de\/#website\"},\"datePublished\":\"2024-06-11T14:03:26+00:00\",\"dateModified\":\"2024-07-03T13:07:49+00:00\",\"breadcrumb\":{\"@id\":\"https:\/\/dhrs.burosmaakmakers.nl\/de\/pferdeurlaub\/training-kurse-und-beratung-im-pferdesport\/#breadcrumb\"},\"inLanguage\":\"de\",\"potentialAction\":[{\"@type\":\"ReadAction\",\"target\":[\"https:\/\/dhrs.burosmaakmakers.nl\/de\/pferdeurlaub\/training-kurse-und-beratung-im-pferdesport\/\"]}]},{\"@type\":\"BreadcrumbList\",\"@id\":\"https:\/\/dhrs.burosmaakmakers.nl\/de\/pferdeurlaub\/training-kurse-und-beratung-im-pferdesport\/#breadcrumb\",\"itemListElement\":[{\"@type\":\"ListItem\",\"position\":1,\"name\":\"Home\",\"item\":\"https:\/\/dhrs.burosmaakmakers.nl\/de\/\"},{\"@type\":\"ListItem\",\"position\":2,\"name\":\"Pferdeurlaub\",\"item\":\"https:\/\/dhrs.burosmaakmakers.nl\/de\/paardenvakantie\/\"},{\"@type\":\"ListItem\",\"position\":3,\"name\":\"Training, Kurse und Beratung im Pferdesport\"}]},{\"@type\":\"WebSite\",\"@id\":\"https:\/\/dhrs.burosmaakmakers.nl\/de\/#website\",\"url\":\"https:\/\/dhrs.burosmaakmakers.nl\/de\/\",\"name\":\"Domburg Holiday Resort\",\"description\":\"\",\"potentialAction\":[{\"@type\":\"SearchAction\",\"target\":{\"@type\":\"EntryPoint\",\"urlTemplate\":\"https:\/\/dhrs.burosmaakmakers.nl\/de\/?s={search_term_string}\"},\"query-input\":\"required name=search_term_string\"}],\"inLanguage\":\"de\"}]}<\/script>\n<!-- \/ Yoast SEO plugin. -->","yoast_head_json":{"title":"Training, Kurse und Beratung im Pferdesport - Domburg Holiday Resort","robots":{"index":"index","follow":"follow","max-snippet":"max-snippet:-1","max-image-preview":"max-image-preview:large","max-video-preview":"max-video-preview:-1"},"canonical":"https:\/\/dhrs.burosmaakmakers.nl\/de\/pferdeurlaub\/training-kurse-und-beratung-im-pferdesport\/","og_locale":"de_DE","og_type":"article","og_title":"Training, Kurse und Beratung im Pferdesport - Domburg Holiday Resort","og_url":"https:\/\/dhrs.burosmaakmakers.nl\/de\/pferdeurlaub\/training-kurse-und-beratung-im-pferdesport\/","og_site_name":"Domburg Holiday Resort","article_modified_time":"2024-07-03T13:07:49+00:00","twitter_card":"summary_large_image","schema":{"@context":"https:\/\/schema.org","@graph":[{"@type":"WebPage","@id":"https:\/\/dhrs.burosmaakmakers.nl\/de\/pferdeurlaub\/training-kurse-und-beratung-im-pferdesport\/","url":"https:\/\/dhrs.burosmaakmakers.nl\/de\/pferdeurlaub\/training-kurse-und-beratung-im-pferdesport\/","name":"Training, Kurse und Beratung im Pferdesport - Domburg Holiday Resort","isPartOf":{"@id":"https:\/\/dhrs.burosmaakmakers.nl\/de\/#website"},"datePublished":"2024-06-11T14:03:26+00:00","dateModified":"2024-07-03T13:07:49+00:00","breadcrumb":{"@id":"https:\/\/dhrs.burosmaakmakers.nl\/de\/pferdeurlaub\/training-kurse-und-beratung-im-pferdesport\/#breadcrumb"},"inLanguage":"de","potentialAction":[{"@type":"ReadAction","target":["https:\/\/dhrs.burosmaakmakers.nl\/de\/pferdeurlaub\/training-kurse-und-beratung-im-pferdesport\/"]}]},{"@type":"BreadcrumbList","@id":"https:\/\/dhrs.burosmaakmakers.nl\/de\/pferdeurlaub\/training-kurse-und-beratung-im-pferdesport\/#breadcrumb","itemListElement":[{"@type":"ListItem","position":1,"name":"Home","item":"https:\/\/dhrs.burosmaakmakers.nl\/de\/"},{"@type":"ListItem","position":2,"name":"Pferdeurlaub","item":"https:\/\/dhrs.burosmaakmakers.nl\/de\/paardenvakantie\/"},{"@type":"ListItem","position":3,"name":"Training, Kurse und Beratung im Pferdesport"}]},{"@type":"WebSite","@id":"https:\/\/dhrs.burosmaakmakers.nl\/de\/#website","url":"https:\/\/dhrs.burosmaakmakers.nl\/de\/","name":"Domburg Holiday Resort","description":"","potentialAction":[{"@type":"SearchAction","target":{"@type":"EntryPoint","urlTemplate":"https:\/\/dhrs.burosmaakmakers.nl\/de\/?s={search_term_string}"},"query-input":"required name=search_term_string"}],"inLanguage":"de"}]}},"_links":{"self":[{"href":"https:\/\/dhrs.burosmaakmakers.nl\/de\/wp-json\/wp\/v2\/pages\/757","targetHints":{"allow":["GET"]}}],"collection":[{"href":"https:\/\/dhrs.burosmaakmakers.nl\/de\/wp-json\/wp\/v2\/pages"}],"about":[{"href":"https:\/\/dhrs.burosmaakmakers.nl\/de\/wp-json\/wp\/v2\/types\/page"}],"author":[{"embeddable":true,"href":"https:\/\/dhrs.burosmaakmakers.nl\/de\/wp-json\/wp\/v2\/users\/1"}],"replies":[{"embeddable":true,"href":"https:\/\/dhrs.burosmaakmakers.nl\/de\/wp-json\/wp\/v2\/comments?post=757"}],"version-history":[{"count":3,"href":"https:\/\/dhrs.burosmaakmakers.nl\/de\/wp-json\/wp\/v2\/pages\/757\/revisions"}],"predecessor-version":[{"id":935,"href":"https:\/\/dhrs.burosmaakmakers.nl\/de\/wp-json\/wp\/v2\/pages\/757\/revisions\/935"}],"up":[{"embeddable":true,"href":"https:\/\/dhrs.burosmaakmakers.nl\/de\/wp-json\/wp\/v2\/pages\/753"}],"wp:attachment":[{"href":"https:\/\/dhrs.burosmaakmakers.nl\/de\/wp-json\/wp\/v2\/media?parent=757"}],"curies":[{"name":"wp","href":"https:\/\/api.w.org\/{rel}","templated":true}]}}