{"id":756,"date":"2024-05-28T09:40:22","date_gmt":"2024-05-28T09:40:22","guid":{"rendered":"http:\/\/dhrs.burosmaakmakers.nl\/?page_id=756"},"modified":"2024-06-23T12:33:01","modified_gmt":"2024-06-23T12:33:01","slug":"stallungen-und-einrichtungen","status":"publish","type":"page","link":"https:\/\/dhrs.burosmaakmakers.nl\/de\/pferdeurlaub\/stallungen-und-einrichtungen\/","title":{"rendered":"Stallungen und Einrichtungen"},"content":{"rendered":"\n<div data-block-id=\"hero\" class=\"relative\">\n\t\t\t<div class=\"w-full  relative md:overflow-hidden h-[300px] md:h-[500px]  bg-brown\">\t\n\t\t\t\t\t<div class=\"absolute w-full h-full top-0 left-0 bg-black bg-opacity-10\"><\/div>\n\t\t\n\t\t<div class=\"absolute w-full h-full items-center lg:pb-52 top-0 flex justify-center\">\n\t\t\t<div class=\"container\">\n\t\t\t\t<div class=\"lg:w-7\/12 flex flex-col space-y-4 items-start\">\n\t\t\t\t\t\t\t\t\t\t\t\t\t\t<h2 class=\"text-[32px] leading-[40px] text-white font-titles lg:text-3xl text-darkblue font-bold lg:max-w-[16ch]\">\n\t\t\tStallungen und Einrichtungen\n\t\t<\/h2>\n\t\n\t\t\t\t\t\t\t\t\t\t<div class=\"text-white text-[21px] leading-[26px] tracking-tight lg:text-xl font-titles font-bold !mb-6\"><\/div>\t\t\t\t\t\n\t\t\t\t\t\t\t\n\t\t\n\t\t\n\t\t\t\t<\/div>\n\t\t\t<\/div>\n\t\t<\/div>\n\t\t<div class=\"w-full top-[101%] h-[53px] md:h-[200px] bg-repeat-x bg-cover md:bg-contain absolute md:top-full -translate-y-full z-0 \" style=\"background-position: bottom center; background-image: url( https:\/\/dhrs.burosmaakmakers.nl\/wp-content\/themes\/dhr\/build\/images\/shapes\/header_bottom.svg)\"><\/div>\n\t<\/div>\t\n\t\n<\/div>\n\n<div data-block-id=\"intro_intro\" class=\"relative my-16 mb-24 z-[60] md:mb-60 \" >\n\t<div class=\"container\">\n\t\t<div class=\"grid grid-cols-12 md:gap-16\">\n\t\t\t\n\t\t\t\t\t\t<div class=\"col-span-12 md:col-span-6 flex items-end pb-12 text-center md:text-left\">\n\t\t\t\t\t\t\t\t\t<div class=\"prose px-4 md:px-0 max-w-4xl prose-p:text-[15px] prose-p:md:text-[20px] prose-p:md:eading-[32px] font-titles mx-auto\"><p>Ihr Pferd ist im Domburg Holiday Resort in guten H\u00e4nden. Mit gro\u00dfz\u00fcgigen Stallungen und vielf\u00e4ltigen Einrichtungen k\u00f6nnen Sie sich auf einen Pferdeurlaub freuen, der f\u00fcr Professionalit\u00e4t und Zuverl\u00e4ssigkeit steht. Im Urlaub mit Ihrem Pferd, aber keine Ahnung, was Sie erwartet? Wir zeigen Ihnen die M\u00f6glichkeiten, die das Domburg Holiday Resort bietet.<\/p>\n<\/div>\n\t\t\t\t\t\t\t\t\t\t\t\t\t<div class=\"mt-6\">\n\t\t\t\t\t\t\t\t\n\t\t\n\t\t\t\t\t\t\t\t\n\t\t\t\t\t<\/div>\n\t\t\t\t\t\t\t<\/div>\n\t\t\t\t\t\t\n\t\t\t<div class=\"col-span-12 md:col-span-6\">\n\t\t\t\t<div class=\"relative aspect-[300\/240] md:aspect-[540\/600] rounded-3xl overflow-hidden drop-shadow-2xl md:-mt-60 \">\n\t\t\t\t\t\t\t\t<img loading=\"lazy\" decoding=\"async\" width=\"609\" height=\"683\" src=\"https:\/\/dhrs.burosmaakmakers.nl\/wp-content\/uploads\/2024\/05\/MB1_9790-1024x683-1.jpg\" class=\"object-cover w-full h-full\" alt=\"\" srcset=\"https:\/\/dhrs.burosmaakmakers.nl\/wp-content\/uploads\/2024\/05\/MB1_9790-1024x683-1.jpg 609w, https:\/\/dhrs.burosmaakmakers.nl\/wp-content\/uploads\/2024\/05\/MB1_9790-1024x683-1-267x300.jpg 267w\" sizes=\"auto, (max-width: 609px) 100vw, 609px\" \/>\n\t\n\t\t\t\t<\/div>\n\t\t\t<\/div>\n\t\t\t\t\t<\/div>\n\t<\/div>\n<\/div>\n\n\n\n<div data-block-id=\"slider_right\" class=\"relative z-10 bg-[#F9F8F5] py-8 lg:pt-14 lg:pb-20 drop-shadow-[0px_4px_12px_rgba(173,102,32,0.3)]\">\n\t<div class=\"w-full min-h-44 -mb-2 bg-repeat-x bg-contain absolute top-0 -translate-y-full z-0 \" style=\"background-position: bottom center; background-image: url( https:\/\/dhrs.burosmaakmakers.nl\/wp-content\/themes\/dhr\/build\/images\/shapes\/tan_top.svg)\"><\/div>\n\t<div class=\"container !px-0\">\n\t\t<div class=\"md:grid md:grid-cols-12 relative z-50\">\n\t\t\t<div class=\"md:col-span-12 lg:max-w-[88%] mx-auto\">\t\t\n\t\t\t\t\t\t\t\t<div class=\"swiper imageswiper drop-shadow-[0px_4px_12px_rgba(0,0,0,0.4)]\">\n\t\t\t\t\t<div class=\"swiper-wrapper\">\t\t\t\n\t\t\t\t\t\t\t\t\t\t\t\t\t<div class=\"swiper-slide aspect-[280\/180] rounded-xl overflow-hidden\">\t\t\t<img loading=\"lazy\" decoding=\"async\" width=\"1024\" height=\"683\" src=\"https:\/\/dhrs.burosmaakmakers.nl\/wp-content\/uploads\/2024\/06\/368A8940-1024x683.jpg\" class=\"object-cover w-full h-full\" alt=\"\" srcset=\"https:\/\/dhrs.burosmaakmakers.nl\/wp-content\/uploads\/2024\/06\/368A8940-1024x683.jpg 1024w, https:\/\/dhrs.burosmaakmakers.nl\/wp-content\/uploads\/2024\/06\/368A8940-300x200.jpg 300w, https:\/\/dhrs.burosmaakmakers.nl\/wp-content\/uploads\/2024\/06\/368A8940-768x512.jpg 768w, https:\/\/dhrs.burosmaakmakers.nl\/wp-content\/uploads\/2024\/06\/368A8940-1536x1024.jpg 1536w, https:\/\/dhrs.burosmaakmakers.nl\/wp-content\/uploads\/2024\/06\/368A8940-2048x1365.jpg 2048w\" sizes=\"auto, (max-width: 1024px) 100vw, 1024px\" \/>\n\t<\/div>\n\t\t\t\t\t\t\t\t\t\t\t\t\t<div class=\"swiper-slide aspect-[280\/180] rounded-xl overflow-hidden\">\t\t\t<img loading=\"lazy\" decoding=\"async\" width=\"380\" height=\"500\" src=\"https:\/\/dhrs.burosmaakmakers.nl\/wp-content\/uploads\/2024\/05\/Paardenstal-verticaal.jpg\" class=\"object-cover w-full h-full\" alt=\"\" srcset=\"https:\/\/dhrs.burosmaakmakers.nl\/wp-content\/uploads\/2024\/05\/Paardenstal-verticaal.jpg 380w, https:\/\/dhrs.burosmaakmakers.nl\/wp-content\/uploads\/2024\/05\/Paardenstal-verticaal-228x300.jpg 228w\" sizes=\"auto, (max-width: 380px) 100vw, 380px\" \/>\n\t<\/div>\n\t\t\t\t\t\t\t\t\t\t\t\t\t<div class=\"swiper-slide aspect-[280\/180] rounded-xl overflow-hidden\">\t\t\t<img loading=\"lazy\" decoding=\"async\" width=\"765\" height=\"542\" src=\"https:\/\/dhrs.burosmaakmakers.nl\/wp-content\/uploads\/2024\/06\/Foto.jpg\" class=\"object-cover w-full h-full\" alt=\"\" srcset=\"https:\/\/dhrs.burosmaakmakers.nl\/wp-content\/uploads\/2024\/06\/Foto.jpg 765w, https:\/\/dhrs.burosmaakmakers.nl\/wp-content\/uploads\/2024\/06\/Foto-300x213.jpg 300w\" sizes=\"auto, (max-width: 765px) 100vw, 765px\" \/>\n\t<\/div>\n\t\t\t\t\t\t\t\t\t\t\t\t\t<div class=\"swiper-slide aspect-[280\/180] rounded-xl overflow-hidden\">\t\t\t<img loading=\"lazy\" decoding=\"async\" width=\"1024\" height=\"681\" src=\"https:\/\/dhrs.burosmaakmakers.nl\/wp-content\/uploads\/2024\/06\/DSC9474-1024x681.jpg\" class=\"object-cover w-full h-full\" alt=\"\" srcset=\"https:\/\/dhrs.burosmaakmakers.nl\/wp-content\/uploads\/2024\/06\/DSC9474-1024x681.jpg 1024w, https:\/\/dhrs.burosmaakmakers.nl\/wp-content\/uploads\/2024\/06\/DSC9474-300x200.jpg 300w, https:\/\/dhrs.burosmaakmakers.nl\/wp-content\/uploads\/2024\/06\/DSC9474-768x511.jpg 768w, https:\/\/dhrs.burosmaakmakers.nl\/wp-content\/uploads\/2024\/06\/DSC9474-1536x1022.jpg 1536w, https:\/\/dhrs.burosmaakmakers.nl\/wp-content\/uploads\/2024\/06\/DSC9474-2048x1363.jpg 2048w\" sizes=\"auto, (max-width: 1024px) 100vw, 1024px\" \/>\n\t<\/div>\n\t\t\t\t\t\t\t\t\t\t\t\t\t<div class=\"swiper-slide aspect-[280\/180] rounded-xl overflow-hidden\">\t\t\t<img loading=\"lazy\" decoding=\"async\" width=\"1024\" height=\"675\" src=\"https:\/\/dhrs.burosmaakmakers.nl\/wp-content\/uploads\/2024\/06\/DSC_7443-1-1024x675.jpg\" class=\"object-cover w-full h-full\" alt=\"\" srcset=\"https:\/\/dhrs.burosmaakmakers.nl\/wp-content\/uploads\/2024\/06\/DSC_7443-1-1024x675.jpg 1024w, https:\/\/dhrs.burosmaakmakers.nl\/wp-content\/uploads\/2024\/06\/DSC_7443-1-300x198.jpg 300w, https:\/\/dhrs.burosmaakmakers.nl\/wp-content\/uploads\/2024\/06\/DSC_7443-1-768x507.jpg 768w, https:\/\/dhrs.burosmaakmakers.nl\/wp-content\/uploads\/2024\/06\/DSC_7443-1-1536x1013.jpg 1536w, https:\/\/dhrs.burosmaakmakers.nl\/wp-content\/uploads\/2024\/06\/DSC_7443-1-2048x1351.jpg 2048w\" sizes=\"auto, (max-width: 1024px) 100vw, 1024px\" \/>\n\t<\/div>\n\t\t\t\t\t\t\t\t\t\t\t\t\t<div class=\"swiper-slide aspect-[280\/180] rounded-xl overflow-hidden\">\t\t\t<img loading=\"lazy\" decoding=\"async\" width=\"1024\" height=\"683\" src=\"https:\/\/dhrs.burosmaakmakers.nl\/wp-content\/uploads\/2024\/05\/368A4529-1024x683.jpg\" class=\"object-cover w-full h-full\" alt=\"\" srcset=\"https:\/\/dhrs.burosmaakmakers.nl\/wp-content\/uploads\/2024\/05\/368A4529-1024x683.jpg 1024w, https:\/\/dhrs.burosmaakmakers.nl\/wp-content\/uploads\/2024\/05\/368A4529-300x200.jpg 300w, https:\/\/dhrs.burosmaakmakers.nl\/wp-content\/uploads\/2024\/05\/368A4529-768x512.jpg 768w, https:\/\/dhrs.burosmaakmakers.nl\/wp-content\/uploads\/2024\/05\/368A4529-1536x1024.jpg 1536w, https:\/\/dhrs.burosmaakmakers.nl\/wp-content\/uploads\/2024\/05\/368A4529-2048x1365.jpg 2048w\" sizes=\"auto, (max-width: 1024px) 100vw, 1024px\" \/>\n\t<\/div>\n\t\t\t\t\t\t\t\t\t\t\t\t\t<div class=\"swiper-slide aspect-[280\/180] rounded-xl overflow-hidden\">\t\t\t<img loading=\"lazy\" decoding=\"async\" width=\"1024\" height=\"683\" src=\"https:\/\/dhrs.burosmaakmakers.nl\/wp-content\/uploads\/2024\/05\/368A5907-1024x683.jpg\" class=\"object-cover w-full h-full\" alt=\"\" srcset=\"https:\/\/dhrs.burosmaakmakers.nl\/wp-content\/uploads\/2024\/05\/368A5907-1024x683.jpg 1024w, https:\/\/dhrs.burosmaakmakers.nl\/wp-content\/uploads\/2024\/05\/368A5907-300x200.jpg 300w, https:\/\/dhrs.burosmaakmakers.nl\/wp-content\/uploads\/2024\/05\/368A5907-768x512.jpg 768w, https:\/\/dhrs.burosmaakmakers.nl\/wp-content\/uploads\/2024\/05\/368A5907-1536x1024.jpg 1536w, https:\/\/dhrs.burosmaakmakers.nl\/wp-content\/uploads\/2024\/05\/368A5907-2048x1365.jpg 2048w\" sizes=\"auto, (max-width: 1024px) 100vw, 1024px\" \/>\n\t<\/div>\n\t\t\t\t\t\t\t\t\t\t\t\t\t<div class=\"swiper-slide aspect-[280\/180] rounded-xl overflow-hidden\">\t\t\t<img loading=\"lazy\" decoding=\"async\" width=\"1024\" height=\"683\" src=\"https:\/\/dhrs.burosmaakmakers.nl\/wp-content\/uploads\/2024\/05\/368A4519-1024x683.jpg\" class=\"object-cover w-full h-full\" alt=\"\" srcset=\"https:\/\/dhrs.burosmaakmakers.nl\/wp-content\/uploads\/2024\/05\/368A4519-1024x683.jpg 1024w, https:\/\/dhrs.burosmaakmakers.nl\/wp-content\/uploads\/2024\/05\/368A4519-300x200.jpg 300w, https:\/\/dhrs.burosmaakmakers.nl\/wp-content\/uploads\/2024\/05\/368A4519-768x512.jpg 768w, https:\/\/dhrs.burosmaakmakers.nl\/wp-content\/uploads\/2024\/05\/368A4519-1536x1024.jpg 1536w, https:\/\/dhrs.burosmaakmakers.nl\/wp-content\/uploads\/2024\/05\/368A4519-2048x1365.jpg 2048w\" sizes=\"auto, (max-width: 1024px) 100vw, 1024px\" \/>\n\t<\/div>\n\t\t\t\t\t\t\t\t\t\t\t<\/div>\n\t\t\t\t<\/div>\n\t\t\t<\/div>\n\t\t\t<div class=\"!hidden md:!block swiper-button-prev after:text-pink after:!text-lg after:font-bold hover:-translate-x-2 transition-all\"><\/div>\n\t\t\t<div class=\"!hidden md:!block swiper-button-next after:text-pink after:!text-lg after:font-bold hover:translate-x-2 transition-all\"><\/div>\n\t\t<\/div>\n\t\t\n\t<\/div>\n\t<div class=\"w-full min-h-40  -mt-2 bg-repeat-x bg-contain absolute top-full  z-0 \" style=\"background-position: top center; background-image: url( https:\/\/dhrs.burosmaakmakers.nl\/wp-content\/themes\/dhr\/build\/images\/shapes\/tan_bottom.svg)\"><\/div>\n<\/div>\n\n\n<div data-block-id=\"columns\" class=\"relative z-10 my-16 lg:my-44 py-12 lg:py-24\">\n\t\t\t<div class=\"container\">\n\t\t<div class=\"lg:flex gap-x-8 justify-center\">\n\t\t\t\t\t<div class=\"mb-12 lg:mb-0 lg:max-w-[350px] flex-1 \">\n\t\t\t\t<div class=\"relative aspect-[350\/200] rounded-3xl overflow-y-hidden\">\n\t\t\t\t\t\t\t\t<img loading=\"lazy\" decoding=\"async\" width=\"1024\" height=\"585\" src=\"https:\/\/dhrs.burosmaakmakers.nl\/wp-content\/uploads\/2024\/06\/368A5351-2880x1800-1-scaled-aspect-ratio-350-200-1024x585.jpg\" class=\"object-cover w-full h-full\" alt=\"\" srcset=\"https:\/\/dhrs.burosmaakmakers.nl\/wp-content\/uploads\/2024\/06\/368A5351-2880x1800-1-scaled-aspect-ratio-350-200-1024x585.jpg 1024w, https:\/\/dhrs.burosmaakmakers.nl\/wp-content\/uploads\/2024\/06\/368A5351-2880x1800-1-scaled-aspect-ratio-350-200-300x171.jpg 300w, https:\/\/dhrs.burosmaakmakers.nl\/wp-content\/uploads\/2024\/06\/368A5351-2880x1800-1-scaled-aspect-ratio-350-200-768x439.jpg 768w, https:\/\/dhrs.burosmaakmakers.nl\/wp-content\/uploads\/2024\/06\/368A5351-2880x1800-1-scaled-aspect-ratio-350-200-1536x877.jpg 1536w, https:\/\/dhrs.burosmaakmakers.nl\/wp-content\/uploads\/2024\/06\/368A5351-2880x1800-1-scaled-aspect-ratio-350-200-2048x1170.jpg 2048w\" sizes=\"auto, (max-width: 1024px) 100vw, 1024px\" \/>\n\t\n\t\t\t\t<\/div>\n\t\t\t\t\n\t\t\t\t\t\t\t\t\t\n\t\t\t\t\t\t\t\t<h2 class=\"text-xl text-brown relative z-20 bg-none my-6\">\n\t\t\tStallungen\n\t\t<\/h2>\n\t\n\t\t\t\t\t\t\t\n\t\t\t\t\t\t\t\t\t<div class=\"prose text-base\"><ul>\n<li>Ger\u00e4umige, sichere und helle St\u00e4lle, in denen soziale Kontakte m\u00f6glich sind<\/li>\n<li>Ein nahezu fliegenfreier Raum f\u00fcr das Pferd durch den Einsatz von Flybustern<\/li>\n<li>Eine 25x65m gro\u00dfe Reithalle mit Agtenberg-Boden mit Ebbe-Flut-System<\/li>\n<li>Einen 28 x 38 m gro\u00dfen Reitplatz und Longierhalle mit Ebbe-Flut-System<\/li>\n<li>Sichere Weideabteile<\/li>\n<li>Ein Springparcours<\/li>\n<li>Paddocks<\/li>\n<li>Eine F\u00fchranlage f\u00fcr insgesamt 6 Pferde<\/li>\n<li>\u00dcberdachte Bereiche mit hei\u00dfem und kaltem Wasser zum abspritzen<\/li>\n<li>Ein komplettes Crossgel\u00e4nde mit vielen Hindernissen und Galoppm\u00f6glichkeiten<\/li>\n<\/ul>\n<\/div>\n\t\t\t\t\n\n\t\t\t\t\t\t\t<\/div>\n\t\t\t\t\t<div class=\"mb-12 lg:mb-0 lg:max-w-[350px] flex-1 \">\n\t\t\t\t<div class=\"relative aspect-[350\/200] rounded-3xl overflow-y-hidden\">\n\t\t\t\t\t\t\t\t<img loading=\"lazy\" decoding=\"async\" width=\"1024\" height=\"585\" src=\"https:\/\/dhrs.burosmaakmakers.nl\/wp-content\/uploads\/2024\/06\/DJI_0089-1-2880x1800-1-scaled-aspect-ratio-350-200-1024x585.jpg\" class=\"object-cover w-full h-full\" alt=\"\" srcset=\"https:\/\/dhrs.burosmaakmakers.nl\/wp-content\/uploads\/2024\/06\/DJI_0089-1-2880x1800-1-scaled-aspect-ratio-350-200-1024x585.jpg 1024w, https:\/\/dhrs.burosmaakmakers.nl\/wp-content\/uploads\/2024\/06\/DJI_0089-1-2880x1800-1-scaled-aspect-ratio-350-200-300x171.jpg 300w, https:\/\/dhrs.burosmaakmakers.nl\/wp-content\/uploads\/2024\/06\/DJI_0089-1-2880x1800-1-scaled-aspect-ratio-350-200-768x439.jpg 768w, https:\/\/dhrs.burosmaakmakers.nl\/wp-content\/uploads\/2024\/06\/DJI_0089-1-2880x1800-1-scaled-aspect-ratio-350-200-1536x877.jpg 1536w, https:\/\/dhrs.burosmaakmakers.nl\/wp-content\/uploads\/2024\/06\/DJI_0089-1-2880x1800-1-scaled-aspect-ratio-350-200-2048x1170.jpg 2048w\" sizes=\"auto, (max-width: 1024px) 100vw, 1024px\" \/>\n\t\n\t\t\t\t<\/div>\n\t\t\t\t\n\t\t\t\t\t\t\t\t\t\n\t\t\t\t\t\t\t\t<h2 class=\"text-xl text-brown relative z-20 bg-none my-6\">\n\t\t\tEinrichtungen\n\t\t<\/h2>\n\t\n\t\t\t\t\t\t\t\n\t\t\t\t\t\t\t\t\t<div class=\"prose text-base\"><ul>\n<li>Kostenfreie Karten mit sch\u00f6nen Reiterrouten<\/li>\n<li>\u00a0Abschlie\u00dfbaren und privaten Schrank.<\/li>\n<li>\u00a0Toiletten<\/li>\n<li>Duschm\u00f6glichkeiten<\/li>\n<\/ul>\n<\/div>\n\t\t\t\t\n\n\t\t\t\t\t\t\t<\/div>\n\t\t\t\t<\/div>\n\t\t<\/div>\n<\/div>\n","protected":false},"excerpt":{"rendered":"","protected":false},"author":1,"featured_media":0,"parent":753,"menu_order":0,"comment_status":"closed","ping_status":"closed","template":"","meta":{"_acf_changed":false,"footnotes":""},"class_list":["post-756","page","type-page","status-publish","hentry"],"acf":[],"yoast_head":"<!-- This site is optimized with the Yoast SEO plugin v23.0 - https:\/\/yoast.com\/wordpress\/plugins\/seo\/ -->\n<title>Stallungen und Einrichtungen - Domburg Holiday Resort<\/title>\n<meta name=\"robots\" content=\"index, follow, max-snippet:-1, max-image-preview:large, max-video-preview:-1\" \/>\n<link rel=\"canonical\" href=\"https:\/\/dhrs.burosmaakmakers.nl\/de\/pferdeurlaub\/stallungen-und-einrichtungen\/\" \/>\n<meta property=\"og:locale\" content=\"de_DE\" \/>\n<meta property=\"og:type\" content=\"article\" \/>\n<meta property=\"og:title\" content=\"Stallungen und Einrichtungen - Domburg Holiday Resort\" \/>\n<meta property=\"og:url\" content=\"https:\/\/dhrs.burosmaakmakers.nl\/de\/pferdeurlaub\/stallungen-und-einrichtungen\/\" \/>\n<meta property=\"og:site_name\" content=\"Domburg Holiday Resort\" \/>\n<meta property=\"article:modified_time\" content=\"2024-06-23T12:33:01+00:00\" \/>\n<meta name=\"twitter:card\" content=\"summary_large_image\" \/>\n<script type=\"application\/ld+json\" class=\"yoast-schema-graph\">{\"@context\":\"https:\/\/schema.org\",\"@graph\":[{\"@type\":\"WebPage\",\"@id\":\"https:\/\/dhrs.burosmaakmakers.nl\/de\/pferdeurlaub\/stallungen-und-einrichtungen\/\",\"url\":\"https:\/\/dhrs.burosmaakmakers.nl\/de\/pferdeurlaub\/stallungen-und-einrichtungen\/\",\"name\":\"Stallungen und Einrichtungen - Domburg Holiday Resort\",\"isPartOf\":{\"@id\":\"https:\/\/dhrs.burosmaakmakers.nl\/de\/#website\"},\"datePublished\":\"2024-05-28T09:40:22+00:00\",\"dateModified\":\"2024-06-23T12:33:01+00:00\",\"breadcrumb\":{\"@id\":\"https:\/\/dhrs.burosmaakmakers.nl\/de\/pferdeurlaub\/stallungen-und-einrichtungen\/#breadcrumb\"},\"inLanguage\":\"de\",\"potentialAction\":[{\"@type\":\"ReadAction\",\"target\":[\"https:\/\/dhrs.burosmaakmakers.nl\/de\/pferdeurlaub\/stallungen-und-einrichtungen\/\"]}]},{\"@type\":\"BreadcrumbList\",\"@id\":\"https:\/\/dhrs.burosmaakmakers.nl\/de\/pferdeurlaub\/stallungen-und-einrichtungen\/#breadcrumb\",\"itemListElement\":[{\"@type\":\"ListItem\",\"position\":1,\"name\":\"Home\",\"item\":\"https:\/\/dhrs.burosmaakmakers.nl\/de\/\"},{\"@type\":\"ListItem\",\"position\":2,\"name\":\"Pferdeurlaub\",\"item\":\"https:\/\/dhrs.burosmaakmakers.nl\/de\/paardenvakantie\/\"},{\"@type\":\"ListItem\",\"position\":3,\"name\":\"Stallungen und Einrichtungen\"}]},{\"@type\":\"WebSite\",\"@id\":\"https:\/\/dhrs.burosmaakmakers.nl\/de\/#website\",\"url\":\"https:\/\/dhrs.burosmaakmakers.nl\/de\/\",\"name\":\"Domburg Holiday Resort\",\"description\":\"\",\"potentialAction\":[{\"@type\":\"SearchAction\",\"target\":{\"@type\":\"EntryPoint\",\"urlTemplate\":\"https:\/\/dhrs.burosmaakmakers.nl\/de\/?s={search_term_string}\"},\"query-input\":\"required name=search_term_string\"}],\"inLanguage\":\"de\"}]}<\/script>\n<!-- \/ Yoast SEO plugin. -->","yoast_head_json":{"title":"Stallungen und Einrichtungen - Domburg Holiday Resort","robots":{"index":"index","follow":"follow","max-snippet":"max-snippet:-1","max-image-preview":"max-image-preview:large","max-video-preview":"max-video-preview:-1"},"canonical":"https:\/\/dhrs.burosmaakmakers.nl\/de\/pferdeurlaub\/stallungen-und-einrichtungen\/","og_locale":"de_DE","og_type":"article","og_title":"Stallungen und Einrichtungen - Domburg Holiday Resort","og_url":"https:\/\/dhrs.burosmaakmakers.nl\/de\/pferdeurlaub\/stallungen-und-einrichtungen\/","og_site_name":"Domburg Holiday Resort","article_modified_time":"2024-06-23T12:33:01+00:00","twitter_card":"summary_large_image","schema":{"@context":"https:\/\/schema.org","@graph":[{"@type":"WebPage","@id":"https:\/\/dhrs.burosmaakmakers.nl\/de\/pferdeurlaub\/stallungen-und-einrichtungen\/","url":"https:\/\/dhrs.burosmaakmakers.nl\/de\/pferdeurlaub\/stallungen-und-einrichtungen\/","name":"Stallungen und Einrichtungen - Domburg Holiday Resort","isPartOf":{"@id":"https:\/\/dhrs.burosmaakmakers.nl\/de\/#website"},"datePublished":"2024-05-28T09:40:22+00:00","dateModified":"2024-06-23T12:33:01+00:00","breadcrumb":{"@id":"https:\/\/dhrs.burosmaakmakers.nl\/de\/pferdeurlaub\/stallungen-und-einrichtungen\/#breadcrumb"},"inLanguage":"de","potentialAction":[{"@type":"ReadAction","target":["https:\/\/dhrs.burosmaakmakers.nl\/de\/pferdeurlaub\/stallungen-und-einrichtungen\/"]}]},{"@type":"BreadcrumbList","@id":"https:\/\/dhrs.burosmaakmakers.nl\/de\/pferdeurlaub\/stallungen-und-einrichtungen\/#breadcrumb","itemListElement":[{"@type":"ListItem","position":1,"name":"Home","item":"https:\/\/dhrs.burosmaakmakers.nl\/de\/"},{"@type":"ListItem","position":2,"name":"Pferdeurlaub","item":"https:\/\/dhrs.burosmaakmakers.nl\/de\/paardenvakantie\/"},{"@type":"ListItem","position":3,"name":"Stallungen und Einrichtungen"}]},{"@type":"WebSite","@id":"https:\/\/dhrs.burosmaakmakers.nl\/de\/#website","url":"https:\/\/dhrs.burosmaakmakers.nl\/de\/","name":"Domburg Holiday Resort","description":"","potentialAction":[{"@type":"SearchAction","target":{"@type":"EntryPoint","urlTemplate":"https:\/\/dhrs.burosmaakmakers.nl\/de\/?s={search_term_string}"},"query-input":"required name=search_term_string"}],"inLanguage":"de"}]}},"_links":{"self":[{"href":"https:\/\/dhrs.burosmaakmakers.nl\/de\/wp-json\/wp\/v2\/pages\/756","targetHints":{"allow":["GET"]}}],"collection":[{"href":"https:\/\/dhrs.burosmaakmakers.nl\/de\/wp-json\/wp\/v2\/pages"}],"about":[{"href":"https:\/\/dhrs.burosmaakmakers.nl\/de\/wp-json\/wp\/v2\/types\/page"}],"author":[{"embeddable":true,"href":"https:\/\/dhrs.burosmaakmakers.nl\/de\/wp-json\/wp\/v2\/users\/1"}],"replies":[{"embeddable":true,"href":"https:\/\/dhrs.burosmaakmakers.nl\/de\/wp-json\/wp\/v2\/comments?post=756"}],"version-history":[{"count":2,"href":"https:\/\/dhrs.burosmaakmakers.nl\/de\/wp-json\/wp\/v2\/pages\/756\/revisions"}],"predecessor-version":[{"id":861,"href":"https:\/\/dhrs.burosmaakmakers.nl\/de\/wp-json\/wp\/v2\/pages\/756\/revisions\/861"}],"up":[{"embeddable":true,"href":"https:\/\/dhrs.burosmaakmakers.nl\/de\/wp-json\/wp\/v2\/pages\/753"}],"wp:attachment":[{"href":"https:\/\/dhrs.burosmaakmakers.nl\/de\/wp-json\/wp\/v2\/media?parent=756"}],"curies":[{"name":"wp","href":"https:\/\/api.w.org\/{rel}","templated":true}]}}